{"id":1896,"date":"2025-06-27T22:24:36","date_gmt":"2025-06-27T20:24:36","guid":{"rendered":"https:\/\/groovemedia.pl\/?page_id=1896"},"modified":"2025-06-27T23:46:52","modified_gmt":"2025-06-27T21:46:52","slug":"kim-jestesmy","status":"publish","type":"page","link":"https:\/\/groovemedia.pl\/index.php\/kim-jestesmy\/","title":{"rendered":"Kim jeste\u015bmy?"},"content":{"rendered":"\t\t<div data-elementor-type=\"wp-page\" data-elementor-id=\"1896\" class=\"elementor elementor-1896\" data-elementor-post-type=\"page\">\n\t\t\t\t<div class=\"elementor-element elementor-element-a08daee e-flex e-con-boxed e-con e-parent\" data-id=\"a08daee\" data-element_type=\"container\">\n\t\t\t\t\t<div class=\"e-con-inner\">\n\t\t<div class=\"elementor-element elementor-element-79f95bd e-con-full e-flex e-con e-child\" data-id=\"79f95bd\" data-element_type=\"container\">\n\t\t<div class=\"elementor-element elementor-element-b5792f3 e-con-full e-flex e-con e-child\" data-id=\"b5792f3\" data-element_type=\"container\">\n\t\t\t\t<div class=\"elementor-element elementor-element-3f2e645 elementor-widget elementor-widget-image\" data-id=\"3f2e645\" data-element_type=\"widget\" data-widget_type=\"image.default\">\n\t\t\t\t<div class=\"elementor-widget-container\">\n\t\t\t\t\t\t\t\t\t\t\t\t\t\t\t<img fetchpriority=\"high\" decoding=\"async\" width=\"1024\" height=\"339\" src=\"https:\/\/groovemedia.pl\/wp-content\/uploads\/2025\/06\/logoo-male.webp\" class=\"attachment-large size-large wp-image-31 wvs-archive-product-image\" alt=\"\" srcset=\"https:\/\/groovemedia.pl\/wp-content\/uploads\/2025\/06\/logoo-male.webp 1024w, https:\/\/groovemedia.pl\/wp-content\/uploads\/2025\/06\/logoo-male-600x199.webp 600w, https:\/\/groovemedia.pl\/wp-content\/uploads\/2025\/06\/logoo-male-300x99.webp 300w, https:\/\/groovemedia.pl\/wp-content\/uploads\/2025\/06\/logoo-male-768x254.webp 768w\" sizes=\"(max-width: 1024px) 100vw, 1024px\" \/>\t\t\t\t\t\t\t\t\t\t\t\t\t\t\t<\/div>\n\t\t\t\t<\/div>\n\t\t\t\t<\/div>\n\t\t<div class=\"elementor-element elementor-element-e3acb02 e-con-full e-flex e-con e-child\" data-id=\"e3acb02\" data-element_type=\"container\">\n\t\t\t\t<div class=\"elementor-element elementor-element-c9d22c2 elementor-widget elementor-widget-heading\" data-id=\"c9d22c2\" data-element_type=\"widget\" data-widget_type=\"heading.default\">\n\t\t\t\t<div class=\"elementor-widget-container\">\n\t\t\t\t\t<h2 class=\"elementor-heading-title elementor-size-default\">Poznaj Zesp\u00f3\u0142 i misj\u0119 GrooveMedia.pl<\/h2>\t\t\t\t<\/div>\n\t\t\t\t<\/div>\n\t\t\t\t<\/div>\n\t\t\t\t<\/div>\n\t\t<div class=\"elementor-element elementor-element-5acad30 e-con-full e-flex e-con e-child\" data-id=\"5acad30\" data-element_type=\"container\">\n\t\t\t\t<div class=\"elementor-element elementor-element-b5d5d62 elementor-widget elementor-widget-text-editor\" data-id=\"b5d5d62\" data-element_type=\"widget\" data-widget_type=\"text-editor.default\">\n\t\t\t\t<div class=\"elementor-widget-container\">\n\t\t\t\t\t\t\t\t\t<h3 data-start=\"200\" data-end=\"227\"><strong>\ud83c\udfaf Misja GrooveMedia.pl<\/strong><\/h3><h3 data-start=\"229\" data-end=\"453\"><strong>Misj\u0105 GrooveMedia.pl jest tworzenie konkretnych i praktycznych tre\u015bci edukacyjnych, kt\u00f3re wspieraj\u0105 rozw\u00f3j zawodowy i osobisty. Stawiamy na rzeteln\u0105 wiedz\u0119, przyst\u0119pn\u0105 form\u0119 i realn\u0105 u\u017cyteczno\u015b\u0107 \u2013 bez zb\u0119dnych og\u00f3lnik\u00f3w.<\/strong><\/h3><h3 data-start=\"455\" data-end=\"756\"><strong>Za ka\u017cdym materia\u0142em stoj\u0105 do\u015bwiadczeni tw\u00f3rcy, kt\u00f3rzy posiadaj\u0105 nie tylko wiedz\u0119 teoretyczn\u0105, ale przede wszystkim wieloletni\u0105 praktyk\u0119 w swoich dziedzinach. Dzi\u0119ki ich zaanga\u017cowaniu i \u015bwiadomo\u015bci realnych wyzwa\u0144 powstaj\u0105 poradniki, strategie i kursy, kt\u00f3re odpowiadaj\u0105 na konkretne potrzeby.<\/strong><\/h3><h3 data-start=\"758\" data-end=\"1086\"><strong>Naszym celem jest wspieranie os\u00f3b, kt\u00f3re chc\u0105 dzia\u0142a\u0107 skuteczniej, pewniej i bardziej \u015bwiadomie \u2013 niezale\u017cnie od tego, na jakim etapie rozwoju si\u0119 znajduj\u0105. Ka\u017cdy tw\u00f3rca wsp\u00f3\u0142pracuj\u0105cy z GrooveMedia dzieli si\u0119 sprawdzonymi rozwi\u0105zaniami, do\u015bwiadczeniem i refleksj\u0105, by inni mogli korzysta\u0107 z tego, co w praktyce naprawd\u0119 dzia\u0142a.<\/strong><\/h3>\t\t\t\t\t\t\t\t<\/div>\n\t\t\t\t<\/div>\n\t\t\t\t<\/div>\n\t\t\t\t<div class=\"elementor-element elementor-element-1e0b36a elementor-widget-divider--view-line elementor-widget elementor-widget-divider\" data-id=\"1e0b36a\" data-element_type=\"widget\" data-widget_type=\"divider.default\">\n\t\t\t\t<div class=\"elementor-widget-container\">\n\t\t\t\t\t\t\t<div class=\"elementor-divider\">\n\t\t\t<span class=\"elementor-divider-separator\">\n\t\t\t\t\t\t<\/span>\n\t\t<\/div>\n\t\t\t\t\t\t<\/div>\n\t\t\t\t<\/div>\n\t\t<div class=\"elementor-element elementor-element-1bfce40 e-con-full e-flex e-con e-child\" data-id=\"1bfce40\" data-element_type=\"container\">\n\t\t\t\t<div class=\"elementor-element elementor-element-e9de265 elementor-widget elementor-widget-heading\" data-id=\"e9de265\" data-element_type=\"widget\" data-widget_type=\"heading.default\">\n\t\t\t\t<div class=\"elementor-widget-container\">\n\t\t\t\t\t<h2 class=\"elementor-heading-title elementor-size-default\">Poznaj Tw\u00f3rc\u00f3w:<\/h2>\t\t\t\t<\/div>\n\t\t\t\t<\/div>\n\t\t\t\t<\/div>\n\t\t<div class=\"elementor-element elementor-element-06fe63f e-con-full e-flex e-con e-child\" data-id=\"06fe63f\" data-element_type=\"container\">\n\t\t<div class=\"elementor-element elementor-element-af4b5b1 e-con-full e-flex e-con e-child\" data-id=\"af4b5b1\" data-element_type=\"container\">\n\t\t<div class=\"elementor-element elementor-element-028b1df e-con-full e-flex e-con e-child\" data-id=\"028b1df\" data-element_type=\"container\">\n\t\t\t\t<div class=\"elementor-element elementor-element-b7403a2 elementor-widget elementor-widget-text-editor\" data-id=\"b7403a2\" data-element_type=\"widget\" data-widget_type=\"text-editor.default\">\n\t\t\t\t<div class=\"elementor-widget-container\">\n\t\t\t\t\t\t\t\t\t<h3 data-start=\"243\" data-end=\"269\">\ud83d\udc64 Anna Brzeska<\/h3>\t\t\t\t\t\t\t\t<\/div>\n\t\t\t\t<\/div>\n\t\t\t\t<div class=\"elementor-element elementor-element-5eefebf elementor-widget elementor-widget-image\" data-id=\"5eefebf\" data-element_type=\"widget\" data-widget_type=\"image.default\">\n\t\t\t\t<div class=\"elementor-widget-container\">\n\t\t\t\t\t\t\t\t\t\t\t\t\t\t\t<img decoding=\"async\" width=\"788\" height=\"1024\" src=\"https:\/\/groovemedia.pl\/wp-content\/uploads\/2025\/06\/Anna-Brzeska-e1751057753777-788x1024.png\" class=\"attachment-large size-large wp-image-1903 wvs-archive-product-image\" alt=\"\" srcset=\"https:\/\/groovemedia.pl\/wp-content\/uploads\/2025\/06\/Anna-Brzeska-e1751057753777-788x1024.png 788w, https:\/\/groovemedia.pl\/wp-content\/uploads\/2025\/06\/Anna-Brzeska-e1751057753777-231x300.png 231w, https:\/\/groovemedia.pl\/wp-content\/uploads\/2025\/06\/Anna-Brzeska-e1751057753777-768x998.png 768w, https:\/\/groovemedia.pl\/wp-content\/uploads\/2025\/06\/Anna-Brzeska-e1751057753777-600x779.png 600w, https:\/\/groovemedia.pl\/wp-content\/uploads\/2025\/06\/Anna-Brzeska-e1751057753777.png 1024w\" sizes=\"(max-width: 788px) 100vw, 788px\" \/>\t\t\t\t\t\t\t\t\t\t\t\t\t\t\t<\/div>\n\t\t\t\t<\/div>\n\t\t\t\t<\/div>\n\t\t\t\t<\/div>\n\t\t<div class=\"elementor-element elementor-element-a2c0b72 e-con-full e-flex e-con e-child\" data-id=\"a2c0b72\" data-element_type=\"container\">\n\t\t\t\t<div class=\"elementor-element elementor-element-2f2af3e elementor-widget elementor-widget-text-editor\" data-id=\"2f2af3e\" data-element_type=\"widget\" data-widget_type=\"text-editor.default\">\n\t\t\t\t<div class=\"elementor-widget-container\">\n\t\t\t\t\t\t\t\t\t<p data-start=\"192\" data-end=\"383\"><strong data-start=\"192\" data-end=\"383\">Specjalistka w zakresie strategii marketingowych dla bran\u017cy beauty, trenerka z ponad 10-letnim do\u015bwiadczeniem, autorka skutecznych rozwi\u0105za\u0144 wdra\u017canych przez setki salon\u00f3w w ca\u0142ej Polsce.<\/strong><\/p><p data-start=\"385\" data-end=\"779\">Anna Brzeska od lat wspiera w\u0142a\u015bcicielki gabinet\u00f3w kosmetycznych, fryzjerskich i estetycznych w budowaniu przemy\u015blanej, autentycznej i dochodowej obecno\u015bci w internecie. Jej podej\u015bcie \u0142\u0105czy konkret, psychologi\u0119 klienta oraz znajomo\u015b\u0107 reali\u00f3w codziennego prowadzenia salonu \u2013 bez idealizowania, za to z pe\u0142nym zrozumieniem wyzwa\u0144, z jakimi mierz\u0105 si\u0119 w\u0142a\u015bcicielki na ka\u017cdym etapie rozwoju firmy.<\/p><p data-start=\"781\" data-end=\"1207\">W pracy z klientkami Anna stawia na <strong data-start=\"817\" data-end=\"848\">strategi\u0119 opart\u0105 na faktach<\/strong>, nie trendach. Uczy, jak m\u00f3wi\u0107 do klientek j\u0119zykiem korzy\u015bci, jak budowa\u0107 zaufanie bez nachalnej sprzeda\u017cy oraz jak prowadzi\u0107 dzia\u0142ania marketingowe, kt\u00f3re przynosz\u0105 efekty nawet przy ograniczonym bud\u017cecie. Z jej poradnik\u00f3w i szkole\u0144 korzystaj\u0105 zar\u00f3wno osoby rozpoczynaj\u0105ce dzia\u0142alno\u015b\u0107, jak i w\u0142a\u015bcicielki dojrza\u0142ych marek, kt\u00f3re chc\u0105 wej\u015b\u0107 na wy\u017cszy poziom.<\/p><p data-start=\"1209\" data-end=\"1495\">Jest autork\u0105 bestsellerowej strategii TikTok Beauty, kt\u00f3ra pomog\u0142a dziesi\u0105tkom salon\u00f3w zdoby\u0107 setki nowych klientek \u2013 cz\u0119sto bez inwestycji w p\u0142atne reklamy. Jej materia\u0142y cechuje wysoka jako\u015b\u0107 merytoryczna, klarowna struktura oraz nacisk na realne wdro\u017cenia, a nie \u201e\u0142adne prezentacje\u201d.<\/p><p data-start=\"1497\" data-end=\"1689\">Prywatnie \u2013 pasjonatka j\u0119zyka wizualnego i komunikacji opartej na warto\u015bciach. Praktyczka, kt\u00f3ra nieustannie testuje i rozwija swoje rozwi\u0105zania we wsp\u00f3\u0142pracy z bran\u017c\u0105, kt\u00f3r\u0105 zna od podszewki.<\/p>\t\t\t\t\t\t\t\t<\/div>\n\t\t\t\t<\/div>\n\t\t\t\t<\/div>\n\t\t\t\t<\/div>\n\t\t\t\t<div class=\"elementor-element elementor-element-b05d7cd elementor-widget-divider--view-line elementor-widget elementor-widget-divider\" data-id=\"b05d7cd\" data-element_type=\"widget\" data-widget_type=\"divider.default\">\n\t\t\t\t<div class=\"elementor-widget-container\">\n\t\t\t\t\t\t\t<div class=\"elementor-divider\">\n\t\t\t<span class=\"elementor-divider-separator\">\n\t\t\t\t\t\t<\/span>\n\t\t<\/div>\n\t\t\t\t\t\t<\/div>\n\t\t\t\t<\/div>\n\t\t<div class=\"elementor-element elementor-element-afc846f e-con-full e-flex e-con e-child\" data-id=\"afc846f\" data-element_type=\"container\">\n\t\t<div class=\"elementor-element elementor-element-7f1918f e-con-full e-flex e-con e-child\" data-id=\"7f1918f\" data-element_type=\"container\">\n\t\t<div class=\"elementor-element elementor-element-8e6cc91 e-con-full e-flex e-con e-child\" data-id=\"8e6cc91\" data-element_type=\"container\">\n\t\t\t\t<div class=\"elementor-element elementor-element-2bf1f68 elementor-widget elementor-widget-text-editor\" data-id=\"2bf1f68\" data-element_type=\"widget\" data-widget_type=\"text-editor.default\">\n\t\t\t\t<div class=\"elementor-widget-container\">\n\t\t\t\t\t\t\t\t\t<h3 data-start=\"243\" data-end=\"269\">\ud83d\udc64 <strong data-start=\"133\" data-end=\"156\">Aleksandra Doma\u0144ska<\/strong><\/h3>\t\t\t\t\t\t\t\t<\/div>\n\t\t\t\t<\/div>\n\t\t\t\t<div class=\"elementor-element elementor-element-628bd16 elementor-widget elementor-widget-image\" data-id=\"628bd16\" data-element_type=\"widget\" data-widget_type=\"image.default\">\n\t\t\t\t<div class=\"elementor-widget-container\">\n\t\t\t\t\t\t\t\t\t\t\t\t\t\t\t<img decoding=\"async\" width=\"683\" height=\"1024\" src=\"https:\/\/groovemedia.pl\/wp-content\/uploads\/2025\/06\/Aleksandra-Domanska-683x1024.png\" class=\"attachment-large size-large wp-image-1932 wvs-archive-product-image\" alt=\"\" srcset=\"https:\/\/groovemedia.pl\/wp-content\/uploads\/2025\/06\/Aleksandra-Domanska-683x1024.png 683w, https:\/\/groovemedia.pl\/wp-content\/uploads\/2025\/06\/Aleksandra-Domanska-200x300.png 200w, https:\/\/groovemedia.pl\/wp-content\/uploads\/2025\/06\/Aleksandra-Domanska-768x1152.png 768w, https:\/\/groovemedia.pl\/wp-content\/uploads\/2025\/06\/Aleksandra-Domanska-600x900.png 600w, https:\/\/groovemedia.pl\/wp-content\/uploads\/2025\/06\/Aleksandra-Domanska.png 1024w\" sizes=\"(max-width: 683px) 100vw, 683px\" \/>\t\t\t\t\t\t\t\t\t\t\t\t\t\t\t<\/div>\n\t\t\t\t<\/div>\n\t\t\t\t<\/div>\n\t\t\t\t<\/div>\n\t\t<div class=\"elementor-element elementor-element-fc8931b e-con-full e-flex e-con e-child\" data-id=\"fc8931b\" data-element_type=\"container\">\n\t\t\t\t<div class=\"elementor-element elementor-element-bcc682f elementor-widget elementor-widget-text-editor\" data-id=\"bcc682f\" data-element_type=\"widget\" data-widget_type=\"text-editor.default\">\n\t\t\t\t<div class=\"elementor-widget-container\">\n\t\t\t\t\t\t\t\t\t<p data-start=\"159\" data-end=\"240\"><strong data-start=\"159\" data-end=\"240\">Specjalistka od automatyzacji, produktywno\u015bci i wdra\u017cania AI w ma\u0142ym biznesie<\/strong><\/p><p data-start=\"242\" data-end=\"564\">Aleksandra od ponad 8 lat wspiera przedsi\u0119biorc\u00f3w, marketer\u00f3w i tw\u00f3rc\u00f3w w budowaniu sprawnych system\u00f3w pracy opartych na technologii. Jej podej\u015bcie jest wyj\u0105tkowo praktyczne \u2013 zamiast obiecywa\u0107 cuda, pomaga realnie odzyska\u0107 czas i uporz\u0105dkowa\u0107 codzienno\u015b\u0107 dzi\u0119ki m\u0105dremu wykorzystaniu narz\u0119dzi cyfrowych i automatyzacji.<\/p><p data-start=\"566\" data-end=\"829\">Specjalizuje si\u0119 w tworzeniu prostych, ale skutecznych strategii wdra\u017cania AI, automatyzacji tre\u015bci i optymalizacji proces\u00f3w w ma\u0142ych firmach. Pokazuje, jak pracowa\u0107 nowocze\u015bnie, ale bez technicznego \u017cargonu, bez frustracji i bez potrzeby \u201ebycia informatykiem\u201d.<\/p><p data-start=\"831\" data-end=\"1042\">Autorka cenionych szkole\u0144 i webinar\u00f3w o produktywno\u015bci, pracy z AI i automatyzacji codziennych zada\u0144 \u2013 w GrooveMedia odpowiada za technologie, systemy i wdro\u017cenia, kt\u00f3re maj\u0105 realnie dzia\u0142a\u0107 \u201enawet gdy \u015bpisz\u201d.<\/p><p data-start=\"1044\" data-end=\"1268\">Prywatnie \u2013 fanka dobrze zaplanowanego tygodnia, czarnego espresso i minimalizmu, kt\u00f3ry daje przestrze\u0144 do tego, co naprawd\u0119 wa\u017cne. Jej zawodowe motto brzmi:<br data-start=\"1201\" data-end=\"1204\" \/><strong data-start=\"1204\" data-end=\"1268\">\u201eNie pracuj wi\u0119cej \u2013 ustaw system, kt\u00f3ry pracuje za Ciebie.\u201d<\/strong><\/p>\t\t\t\t\t\t\t\t<\/div>\n\t\t\t\t<\/div>\n\t\t\t\t<\/div>\n\t\t\t\t<\/div>\n\t\t\t\t<div class=\"elementor-element elementor-element-f12619d elementor-widget-divider--view-line elementor-widget elementor-widget-divider\" data-id=\"f12619d\" data-element_type=\"widget\" data-widget_type=\"divider.default\">\n\t\t\t\t<div class=\"elementor-widget-container\">\n\t\t\t\t\t\t\t<div class=\"elementor-divider\">\n\t\t\t<span class=\"elementor-divider-separator\">\n\t\t\t\t\t\t<\/span>\n\t\t<\/div>\n\t\t\t\t\t\t<\/div>\n\t\t\t\t<\/div>\n\t\t<div class=\"elementor-element elementor-element-84a8651 e-con-full e-flex e-con e-child\" data-id=\"84a8651\" data-element_type=\"container\">\n\t\t<div class=\"elementor-element elementor-element-09cfefc e-con-full e-flex e-con e-child\" data-id=\"09cfefc\" data-element_type=\"container\">\n\t\t<div class=\"elementor-element elementor-element-dd7e9af e-con-full e-flex e-con e-child\" data-id=\"dd7e9af\" data-element_type=\"container\">\n\t\t\t\t<div class=\"elementor-element elementor-element-27333e7 elementor-widget elementor-widget-text-editor\" data-id=\"27333e7\" data-element_type=\"widget\" data-widget_type=\"text-editor.default\">\n\t\t\t\t<div class=\"elementor-widget-container\">\n\t\t\t\t\t\t\t\t\t<h3 data-start=\"243\" data-end=\"269\">\ud83d\udc64 <strong data-start=\"250\" data-end=\"267\">Marek Krawiec<\/strong><\/h3>\t\t\t\t\t\t\t\t<\/div>\n\t\t\t\t<\/div>\n\t\t\t\t<div class=\"elementor-element elementor-element-08f88df elementor-widget elementor-widget-image\" data-id=\"08f88df\" data-element_type=\"widget\" data-widget_type=\"image.default\">\n\t\t\t\t<div class=\"elementor-widget-container\">\n\t\t\t\t\t\t\t\t\t\t\t\t\t\t\t<img loading=\"lazy\" decoding=\"async\" width=\"683\" height=\"1024\" src=\"https:\/\/groovemedia.pl\/wp-content\/uploads\/2025\/06\/Marek-Krawiec-1-683x1024.png\" class=\"attachment-large size-large wp-image-1941 wvs-archive-product-image\" alt=\"\" srcset=\"https:\/\/groovemedia.pl\/wp-content\/uploads\/2025\/06\/Marek-Krawiec-1-683x1024.png 683w, https:\/\/groovemedia.pl\/wp-content\/uploads\/2025\/06\/Marek-Krawiec-1-200x300.png 200w, https:\/\/groovemedia.pl\/wp-content\/uploads\/2025\/06\/Marek-Krawiec-1-768x1152.png 768w, https:\/\/groovemedia.pl\/wp-content\/uploads\/2025\/06\/Marek-Krawiec-1-600x900.png 600w, https:\/\/groovemedia.pl\/wp-content\/uploads\/2025\/06\/Marek-Krawiec-1.png 1024w\" sizes=\"(max-width: 683px) 100vw, 683px\" \/>\t\t\t\t\t\t\t\t\t\t\t\t\t\t\t<\/div>\n\t\t\t\t<\/div>\n\t\t\t\t<\/div>\n\t\t\t\t<\/div>\n\t\t<div class=\"elementor-element elementor-element-27d3656 e-con-full e-flex e-con e-child\" data-id=\"27d3656\" data-element_type=\"container\">\n\t\t\t\t<div class=\"elementor-element elementor-element-23ee1e9 elementor-widget elementor-widget-text-editor\" data-id=\"23ee1e9\" data-element_type=\"widget\" data-widget_type=\"text-editor.default\">\n\t\t\t\t<div class=\"elementor-widget-container\">\n\t\t\t\t\t\t\t\t\t<p data-start=\"270\" data-end=\"363\"><strong data-start=\"270\" data-end=\"363\">Trener rozwoju osobistego i marketingu strategicznego, praktyk z 15-letnim do\u015bwiadczeniem<\/strong><\/p><p data-start=\"365\" data-end=\"681\">Marek od kilkunastu lat pomaga przedsi\u0119biorcom i zespo\u0142om uporz\u0105dkowa\u0107 swoje dzia\u0142ania, odzyska\u0107 pewno\u015b\u0107 siebie i konsekwentnie realizowa\u0107 cele. \u0141\u0105czy klasyczne fundamenty marketingu (strategia, sprzeda\u017c, budowanie marki) z g\u0142\u0119bokim zrozumieniem psychologii dzia\u0142ania \u2013 od przekona\u0144, przez nawyki, po skuteczny plan.<\/p><p data-start=\"683\" data-end=\"1030\">W swojej pracy odwo\u0142uje si\u0119 do sprawdzonych metod, takich jak zasady Briana Tracy, Roberta Kiyosakiego czy Stephena Coveya, ale przek\u0142ada je na praktyczne dzia\u0142ania dopasowane do reali\u00f3w dzisiejszego rynku. Pomaga przedsi\u0119biorcom, freelancerom i specjalistom zbudowa\u0107 nie tylko skuteczny plan, ale i nastawienie, kt\u00f3re pozwala go dowie\u017a\u0107 do ko\u0144ca.<\/p><p data-start=\"1032\" data-end=\"1299\">Na co dzie\u0144 szkoli, konsultuje i prowadzi w\u0142asne projekty \u2013 wspiera zar\u00f3wno osoby startuj\u0105ce w biznesie, jak i te, kt\u00f3re czuj\u0105 si\u0119 wypalone i szukaj\u0105 nowego kierunku. Ma dar prostego t\u0142umaczenia rzeczy trudnych i stawiania trafnych pyta\u0144, kt\u00f3re odblokowuj\u0105 dzia\u0142anie.<\/p><p data-start=\"1301\" data-end=\"1439\">Prywatnie fan biegania, czytania o poranku i \u017cyciowej prostoty. Jego motto to:<br data-start=\"1379\" data-end=\"1382\" \/><strong data-start=\"1382\" data-end=\"1439\">\u201eTo nie brak czasu Ci\u0119 blokuje \u2013 tylko brak decyzji.\u201d<\/strong><\/p>\t\t\t\t\t\t\t\t<\/div>\n\t\t\t\t<\/div>\n\t\t\t\t<\/div>\n\t\t\t\t<\/div>\n\t\t\t\t\t<\/div>\n\t\t\t\t<\/div>\n\t\t\t\t<\/div>\n\t\t","protected":false},"excerpt":{"rendered":"<p>Poznaj Zesp\u00f3\u0142 i misj\u0119 GrooveMedia.pl \ud83c\udfaf Misja GrooveMedia.pl Misj\u0105 GrooveMedia.pl jest tworzenie konkretnych i praktycznych tre\u015bci edukacyjnych, kt\u00f3re wspieraj\u0105 rozw\u00f3j [&hellip;]<\/p>\n","protected":false},"author":1,"featured_media":0,"parent":0,"menu_order":0,"comment_status":"closed","ping_status":"closed","template":"","meta":{"_acf_changed":false,"site-sidebar-layout":"no-sidebar","site-content-layout":"","ast-site-content-layout":"full-width-container","site-content-style":"default","site-sidebar-style":"default","ast-global-header-display":"","ast-banner-title-visibility":"","ast-main-header-display":"","ast-hfb-above-header-display":"","ast-hfb-below-header-display":"","ast-hfb-mobile-header-display":"","site-post-title":"disabled","ast-breadcrumbs-content":"","ast-featured-img":"disabled","footer-sml-layout":"","theme-transparent-header-meta":"","adv-header-id-meta":"","stick-header-meta":"","header-above-stick-meta":"","header-main-stick-meta":"","header-below-stick-meta":"","astra-migrate-meta-layouts":"default","ast-page-background-enabled":"default","ast-page-background-meta":{"desktop":{"background-color":"var(--ast-global-color-5)","background-image":"","background-repeat":"repeat","background-position":"center center","background-size":"auto","background-attachment":"scroll","background-type":"","background-media":"","overlay-type":"","overlay-color":"","overlay-opacity":"","overlay-gradient":""},"tablet":{"background-color":"","background-image":"","background-repeat":"repeat","background-position":"center center","background-size":"auto","background-attachment":"scroll","background-type":"","background-media":"","overlay-type":"","overlay-color":"","overlay-opacity":"","overlay-gradient":""},"mobile":{"background-color":"","background-image":"","background-repeat":"repeat","background-position":"center center","background-size":"auto","background-attachment":"scroll","background-type":"","background-media":"","overlay-type":"","overlay-color":"","overlay-opacity":"","overlay-gradient":""}},"ast-content-background-meta":{"desktop":{"background-color":"var(--ast-global-color-4)","background-image":"","background-repeat":"repeat","background-position":"center center","background-size":"auto","background-attachment":"scroll","background-type":"","background-media":"","overlay-type":"","overlay-color":"","overlay-opacity":"","overlay-gradient":""},"tablet":{"background-color":"var(--ast-global-color-4)","background-image":"","background-repeat":"repeat","background-position":"center center","background-size":"auto","background-attachment":"scroll","background-type":"","background-media":"","overlay-type":"","overlay-color":"","overlay-opacity":"","overlay-gradient":""},"mobile":{"background-color":"var(--ast-global-color-4)","background-image":"","background-repeat":"repeat","background-position":"center center","background-size":"auto","background-attachment":"scroll","background-type":"","background-media":"","overlay-type":"","overlay-color":"","overlay-opacity":"","overlay-gradient":""}},"footnotes":""},"class_list":["post-1896","page","type-page","status-publish","hentry"],"acf":[],"_links":{"self":[{"href":"https:\/\/groovemedia.pl\/index.php\/wp-json\/wp\/v2\/pages\/1896","targetHints":{"allow":["GET"]}}],"collection":[{"href":"https:\/\/groovemedia.pl\/index.php\/wp-json\/wp\/v2\/pages"}],"about":[{"href":"https:\/\/groovemedia.pl\/index.php\/wp-json\/wp\/v2\/types\/page"}],"author":[{"embeddable":true,"href":"https:\/\/groovemedia.pl\/index.php\/wp-json\/wp\/v2\/users\/1"}],"replies":[{"embeddable":true,"href":"https:\/\/groovemedia.pl\/index.php\/wp-json\/wp\/v2\/comments?post=1896"}],"version-history":[{"count":43,"href":"https:\/\/groovemedia.pl\/index.php\/wp-json\/wp\/v2\/pages\/1896\/revisions"}],"predecessor-version":[{"id":1959,"href":"https:\/\/groovemedia.pl\/index.php\/wp-json\/wp\/v2\/pages\/1896\/revisions\/1959"}],"wp:attachment":[{"href":"https:\/\/groovemedia.pl\/index.php\/wp-json\/wp\/v2\/media?parent=1896"}],"curies":[{"name":"wp","href":"https:\/\/api.w.org\/{rel}","templated":true}]}}