{"id":1479,"date":"2025-06-14T17:36:53","date_gmt":"2025-06-14T15:36:53","guid":{"rendered":"https:\/\/groovemedia.pl\/?page_id=1479"},"modified":"2025-06-14T17:36:53","modified_gmt":"2025-06-14T15:36:53","slug":"polityka-prywatnosci","status":"publish","type":"page","link":"https:\/\/groovemedia.pl\/index.php\/polityka-prywatnosci\/","title":{"rendered":"Polityka prywatno\u015bci"},"content":{"rendered":"\n<h1 class=\"wp-block-heading\">Polityka prywatno\u015bci<\/h1>\n\n\n\n<h2 class=\"wp-block-heading\">1. Administrator danych<\/h2>\n\n\n\n<p>Administratorem danych osobowych jest marka<strong> <\/strong><br><strong>GrooveMedia.pl, <\/strong><br>kt\u00f3rej w\u0142a\u015bcicielem jest <br><strong>KEIKA Krzysztof Kisiel<br>Sitno 37a<br>78-400 Szczecinek<br>NIP 6731812980<br>REGON 321232236<\/strong><br> e-mail: kontakt@groovemedia.pl<\/p>\n\n\n\n<h2 class=\"wp-block-heading\">2. Zakres i cel zbierania danych<\/h2>\n\n\n\n<p>Zbieramy dane w celu realizacji zam\u00f3wie\u0144, wystawiania faktur, marketingu i kontaktu z klientem.<\/p>\n\n\n\n<h2 class=\"wp-block-heading\">3. Przetwarzanie danych<\/h2>\n\n\n\n<p>Dane przetwarzane s\u0105 zgodnie z RODO. Przys\u0142uguje Ci prawo dost\u0119pu, poprawiania, przenoszenia i usuni\u0119cia danych.<\/p>\n\n\n\n<h2 class=\"wp-block-heading\">4. Udost\u0119pnianie danych<\/h2>\n\n\n\n<p>Dane mog\u0105 by\u0107 udost\u0119pniane wy\u0142\u0105cznie podmiotom przetwarzaj\u0105cym dane w naszym imieniu, np. operatorom p\u0142atno\u015bci (Przelewy24, Stripe) i dostawcom system\u00f3w mailingowych.<\/p>\n\n\n\n<h2 class=\"wp-block-heading\">5. Pliki cookies<\/h2>\n\n\n\n<p>Sklep u\u017cywa plik\u00f3w cookies \u2013 wi\u0119cej w Polityce cookies.<\/p>\n\n\n\n<h2 class=\"wp-block-heading\">6. Kontakt<\/h2>\n\n\n\n<p>W razie pyta\u0144 napisz do nas: kontakt@groovemedia.pl<\/p>\n","protected":false},"excerpt":{"rendered":"<p>Polityka prywatno\u015bci 1. Administrator danych Administratorem danych osobowych jest marka GrooveMedia.pl, kt\u00f3rej w\u0142a\u015bcicielem jest KEIKA Krzysztof KisielSitno 37a78-400 SzczecinekNIP 6731812980REGON [&hellip;]<\/p>\n","protected":false},"author":1,"featured_media":0,"parent":0,"menu_order":0,"comment_status":"closed","ping_status":"closed","template":"","meta":{"_acf_changed":false,"site-sidebar-layout":"default","site-content-layout":"","ast-site-content-layout":"","site-content-style":"default","site-sidebar-style":"default","ast-global-header-display":"","ast-banner-title-visibility":"","ast-main-header-display":"","ast-hfb-above-header-display":"","ast-hfb-below-header-display":"","ast-hfb-mobile-header-display":"","site-post-title":"","ast-breadcrumbs-content":"","ast-featured-img":"","footer-sml-layout":"","theme-transparent-header-meta":"","adv-header-id-meta":"","stick-header-meta":"","header-above-stick-meta":"","header-main-stick-meta":"","header-below-stick-meta":"","astra-migrate-meta-layouts":"default","ast-page-background-enabled":"default","ast-page-background-meta":{"desktop":{"background-color":"var(--ast-global-color-5)","background-image":"","background-repeat":"repeat","background-position":"center center","background-size":"auto","background-attachment":"scroll","background-type":"","background-media":"","overlay-type":"","overlay-color":"","overlay-opacity":"","overlay-gradient":""},"tablet":{"background-color":"","background-image":"","background-repeat":"repeat","background-position":"center center","background-size":"auto","background-attachment":"scroll","background-type":"","background-media":"","overlay-type":"","overlay-color":"","overlay-opacity":"","overlay-gradient":""},"mobile":{"background-color":"","background-image":"","background-repeat":"repeat","background-position":"center center","background-size":"auto","background-attachment":"scroll","background-type":"","background-media":"","overlay-type":"","overlay-color":"","overlay-opacity":"","overlay-gradient":""}},"ast-content-background-meta":{"desktop":{"background-color":"var(--ast-global-color-4)","background-image":"","background-repeat":"repeat","background-position":"center center","background-size":"auto","background-attachment":"scroll","background-type":"","background-media":"","overlay-type":"","overlay-color":"","overlay-opacity":"","overlay-gradient":""},"tablet":{"background-color":"var(--ast-global-color-4)","background-image":"","background-repeat":"repeat","background-position":"center center","background-size":"auto","background-attachment":"scroll","background-type":"","background-media":"","overlay-type":"","overlay-color":"","overlay-opacity":"","overlay-gradient":""},"mobile":{"background-color":"var(--ast-global-color-4)","background-image":"","background-repeat":"repeat","background-position":"center center","background-size":"auto","background-attachment":"scroll","background-type":"","background-media":"","overlay-type":"","overlay-color":"","overlay-opacity":"","overlay-gradient":""}},"footnotes":""},"class_list":["post-1479","page","type-page","status-publish","hentry"],"acf":[],"_links":{"self":[{"href":"https:\/\/groovemedia.pl\/index.php\/wp-json\/wp\/v2\/pages\/1479","targetHints":{"allow":["GET"]}}],"collection":[{"href":"https:\/\/groovemedia.pl\/index.php\/wp-json\/wp\/v2\/pages"}],"about":[{"href":"https:\/\/groovemedia.pl\/index.php\/wp-json\/wp\/v2\/types\/page"}],"author":[{"embeddable":true,"href":"https:\/\/groovemedia.pl\/index.php\/wp-json\/wp\/v2\/users\/1"}],"replies":[{"embeddable":true,"href":"https:\/\/groovemedia.pl\/index.php\/wp-json\/wp\/v2\/comments?post=1479"}],"version-history":[{"count":1,"href":"https:\/\/groovemedia.pl\/index.php\/wp-json\/wp\/v2\/pages\/1479\/revisions"}],"predecessor-version":[{"id":1480,"href":"https:\/\/groovemedia.pl\/index.php\/wp-json\/wp\/v2\/pages\/1479\/revisions\/1480"}],"wp:attachment":[{"href":"https:\/\/groovemedia.pl\/index.php\/wp-json\/wp\/v2\/media?parent=1479"}],"curies":[{"name":"wp","href":"https:\/\/api.w.org\/{rel}","templated":true}]}}